{"id":15,"date":"2022-11-10T13:43:40","date_gmt":"2022-11-10T12:43:40","guid":{"rendered":"http:\/\/www.rvm-hilft.de\/?page_id=15"},"modified":"2022-11-10T14:05:25","modified_gmt":"2022-11-10T13:05:25","slug":"startseite","status":"publish","type":"page","link":"https:\/\/www.rvm-hilft.de\/","title":{"rendered":"RVM Hilft"},"content":{"rendered":"\n<p>Die RV Management GmbH hat in den letzten Jahren bereits mit dem Partnerunternehmen IH Management GmbH zu Weihnachten regelm\u00e4\u00dfig Familien und Kinder in unserer Region Rhein-Ruhr mit Spenden \u00fcber die \u201eAKTION LICHTBLICKE e.V.\u201c unterst\u00fctzt.<\/p>\n\n\n\n<p>Dieses Engagement wollten wir weiter vertiefen und ausbauen, sodass wir gemeinsam den Verein \u201e<a><em>RVM Hilft<\/em><\/a>\u201c gegr\u00fcndet haben. \u201c<em>RVM Hilft<\/em>\u201d erm\u00f6glicht es uns zuk\u00fcnftig, selbstst\u00e4ndig Spenden zu sammeln und Projekte unserer Wahl zu unterst\u00fctzen.<\/p>\n","protected":false},"excerpt":{"rendered":"<p>Die RV Management GmbH hat in den letzten Jahren bereits mit dem Partnerunternehmen IH Management&hellip;<\/p>\n","protected":false},"author":1,"featured_media":39,"parent":0,"menu_order":0,"comment_status":"closed","ping_status":"closed","template":"","meta":{"footnotes":""},"class_list":["post-15","page","type-page","status-publish","has-post-thumbnail","hentry"],"featured_image":{"thumbnail":["https:\/\/www.rvm-hilft.de\/wp-content\/uploads\/2022\/11\/rvmhilft_startseite.jpg",150,100,false],"medium":["https:\/\/www.rvm-hilft.de\/wp-content\/uploads\/2022\/11\/rvmhilft_startseite.jpg",300,200,false],"medium_large":["https:\/\/www.rvm-hilft.de\/wp-content\/uploads\/2022\/11\/rvmhilft_startseite.jpg",768,512,false],"large":["https:\/\/www.rvm-hilft.de\/wp-content\/uploads\/2022\/11\/rvmhilft_startseite.jpg",1024,683,false]},"_links":{"self":[{"href":"https:\/\/www.rvm-hilft.de\/index.php?rest_route=\/wp\/v2\/pages\/15","targetHints":{"allow":["GET"]}}],"collection":[{"href":"https:\/\/www.rvm-hilft.de\/index.php?rest_route=\/wp\/v2\/pages"}],"about":[{"href":"https:\/\/www.rvm-hilft.de\/index.php?rest_route=\/wp\/v2\/types\/page"}],"author":[{"embeddable":true,"href":"https:\/\/www.rvm-hilft.de\/index.php?rest_route=\/wp\/v2\/users\/1"}],"replies":[{"embeddable":true,"href":"https:\/\/www.rvm-hilft.de\/index.php?rest_route=%2Fwp%2Fv2%2Fcomments&post=15"}],"version-history":[{"count":2,"href":"https:\/\/www.rvm-hilft.de\/index.php?rest_route=\/wp\/v2\/pages\/15\/revisions"}],"predecessor-version":[{"id":40,"href":"https:\/\/www.rvm-hilft.de\/index.php?rest_route=\/wp\/v2\/pages\/15\/revisions\/40"}],"wp:featuredmedia":[{"embeddable":true,"href":"https:\/\/www.rvm-hilft.de\/index.php?rest_route=\/wp\/v2\/media\/39"}],"wp:attachment":[{"href":"https:\/\/www.rvm-hilft.de\/index.php?rest_route=%2Fwp%2Fv2%2Fmedia&parent=15"}],"curies":[{"name":"wp","href":"https:\/\/api.w.org\/{rel}","templated":true}]}}